{"id":2355,"date":"2017-09-02T17:45:04","date_gmt":"2017-09-02T15:45:04","guid":{"rendered":"https:\/\/www.doellken-pt.com\/home-2\/"},"modified":"2025-06-20T13:32:18","modified_gmt":"2025-06-20T11:32:18","slug":"home","status":"publish","type":"page","link":"https:\/\/www.doellken-pt.com\/cs\/","title":{"rendered":"Dom\u016f"},"content":{"rendered":"<div class=\"wrapper\"><div id=\"\" class=\"column-section clearfix spaced-normal \"><div  class=\"column one-half  \" ><div class=\"spacer spacer-big\"><\/div>\n<h1>Technick\u00e9 profily a roletov\u00e9 syst\u00e9my<\/h1>\n<div class=\"spacer spacer-medium\"><\/div><\/div><div  class=\"column one-half last-col \" ><\/div><\/div><\/div><div class=\"wrapper\"><div id=\"\" class=\"column-section clearfix spaced-normal \"><div  class=\"column two-third  \" >\n<p>Dop\u0159edu n\u00e1s \u017eene v\u0159el\u00fd pohled klient\u016f, se kter\u00fdmi jedn\u00e1me. Tuto v\u0159elost v pohledu klient\u016f vytv\u00e1\u0159\u00edme t\u00edm, \u017ee jsme p\u0159esn\u011b splnili jejich o\u010dek\u00e1v\u00e1n\u00ed nebo je dokonce p\u0159ekro\u010dili. Dosahujeme toho t\u00edm, \u017ee vyhled\u00e1v\u00e1me a napl\u0148ujeme p\u0159\u00edle\u017eitosti a prov\u00e1d\u00edme jejich export na vice ne\u017e 50 trh\u016f po cel\u00e9m sv\u011bt\u011b. Ka\u017edodenn\u011b na\u0161ich 464 zam\u011bstnanc\u016f pracuje se z\u00e1palem a nad\u0161en\u00edm, aby p\u0159isp\u011bli k tomuto \u00fasp\u011b\u0161n\u00e9mu p\u0159\u00edb\u011bhu, kter\u00fd prom\u011bnil spole\u010dnost D\u00f6llken ve \u0161pi\u010dkov\u00e9ho specialistu v oboru extrudovan\u00fdch technick\u00fdch profil\u016f a roletov\u00fdch syst\u00e9m\u016f. Je to v\u00fdsledkem trval\u00e9ho budov\u00e1n\u00ed a rozv\u00edjen\u00ed vynikaj\u00edc\u00edch vztah\u016f s na\u0161imi klienty.<\/p>\n<div class=\"spacer spacer-big\"><\/div><\/div><div  class=\"column one-third last-col \" ><\/div><\/div><\/div><div class=\"spacer spacer-big\"><\/div><div class=\"wrapper\"><div id=\"\" class=\"column-section clearfix spaced-big  reverse-columns-mobile\"><div  class=\"column one-half  \" ><div class=\"spacer spacer-medium\"><\/div>\n<h3 style=\"text-decoration: none; border-bottom: 1px solid #000000; padding-top: 7px;\">Co se na\u0161im klient\u016fm na n\u00e1s l\u00edb\u00ed ?<\/h3>\n<p>Po v\u00edce ne\u017e 60 let je spole\u010dnost D\u00f6llken Profiles specialistou v oblasti projekce, v\u00fdvoje a v\u00fdroby vysoce kvalitn\u00edch extrudovan\u00fdch profil\u016f z plast\u016f. A\u010dkoliv jsou na\u0161e slu\u017eby prim\u00e1rn\u011b ur\u010deny pro podniky p\u016fsob\u00edc\u00ed v pr\u016fmyslov\u00fdch odv\u011btv\u00edch, na\u0161e schopnosti a zku\u0161enosti n\u00e1m umo\u017e\u0148uj\u00ed poskytovat podporu ve v\u0161ech aspektech, pokud jde o projekci a n\u00e1vrhy ta\u017een\u00e9 inovacemi, dod\u00e1vat kvalitn\u00ed produkty klient\u016fm nap\u0159\u00ed\u010d \u010detn\u00fdmi segmenty trhu a mno\u017estv\u00ed nejr\u016fzn\u011bj\u0161\u00edch aplikac\u00ed v celosv\u011btov\u00e9m m\u011b\u0159\u00edtku. Na\u0161e slu\u017eby lze rozd\u011blit do dvou hlavn\u00edch kategori\u00ed: technick\u00e9 profily a roletov\u00e9 syst\u00e9my tam, kde aplikace, tvary a funk\u010dnost na\u0161ich profil\u016f jsou t\u00e9m\u011b\u0159 neomezen\u00e9.<\/p>\n<div class=\"spacer spacer-big\"><\/div><\/div><div  class=\"column one-half last-col \" >\n<p><img loading=\"lazy\" decoding=\"async\" class=\"aligncenter wp-image-1826 size-full\" src=\"https:\/\/www.doellken-pt.com\/wp-content\/uploads\/2019\/02\/Doellken_Profiles_Startseite_Kunden-e1571866025663.jpg\" alt=\"\" width=\"825\" height=\"550\" \/><\/p>\n<\/div><\/div><\/div><div class=\"spacer spacer-big\"><\/div><div class=\"wrapper\"><div id=\"\" class=\"column-section clearfix spaced-big \"><div  class=\"column one-half  \" >\n<p><img loading=\"lazy\" decoding=\"async\" class=\"aligncenter wp-image-1836 size-full\" src=\"https:\/\/www.doellken-pt.com\/wp-content\/uploads\/2019\/02\/Doellken_Profiles_Startseite_Systemgedanke-e1571866057477.jpg\" alt=\"\" width=\"1100\" height=\"733\" \/><\/p>\n<\/div><div  class=\"column one-half last-col \" ><div class=\"spacer spacer-medium\"><\/div>\n<h3 style=\"text-decoration: none; border-bottom: 1px solid #000000; padding-top: 7px;\">Koncepce syst\u00e9mu<\/h3>\n<p>Stru\u010dn\u00fd popis projektu, pochopen\u00ed pot\u0159eb klient\u016f, v\u00fdrobn\u00ed postup a \u010dasov\u00e9 m\u011b\u0159\u00edtko projektu jsou v\u017edy hlavn\u00edm st\u0159edem pozornosti jak\u00e9hokoli n\u00e1mi nab\u00edzen\u00e9ho \u0159e\u0161en\u00ed. N\u00e1\u0161 specializovan\u00fd a profesion\u00e1ln\u00ed t\u00fdm obchodu, marketingu a technick\u00fd \u00fasek zajist\u00ed dod\u00e1n\u00ed va\u0161eho projektu z hlediska bezpe\u010dnosti, podle specifikace, v\u010das a v r\u00e1mci rozpo\u010dtu, p\u0159i\u010dem\u017e budou napom\u00e1hat k tomu, aby to poh\u00e1n\u011blo va\u0161e obchodn\u00ed p\u0159\u00edle\u017eitosti, strategick\u00fd r\u016fst a \u00fasp\u011bch v podnik\u00e1n\u00ed!<\/p>\n<p style=\"font-size: 24px;\"><span style=\"color: #ff9e16;\">U n\u00e1s ve spole\u010dnosti D\u00f6llken Profiles poskytujeme \u0159e\u0161en\u00ed jak pro velko- tak pro maloobjemovou v\u00fdrobu.<\/span><\/p>\n<div class=\"spacer spacer-big\"><\/div><\/div><\/div><\/div><div class=\"spacer spacer-big\"><\/div><div class=\"wrapper\"><div id=\"\" class=\"column-section clearfix spaced-big  reverse-columns-mobile\"><div  class=\"column one-half  \" ><div class=\"spacer spacer-medium\"><\/div>\n<h3 style=\"text-decoration: none; border-bottom: 1px solid #000000; padding-top: 7px;\">Klienti po cel\u00e9m sv\u011bt\u011b v n\u00e1s maj\u00ed d\u016fv\u011bru<\/h3>\n<p>A to z d\u016fvodu \u0161\u00ed\u0159e na\u0161eho sortimentu slu\u017eeb a d\u00edky schopnostem vyhov\u011bt po\u017eadavk\u016fm jednotliv\u00fdch klient\u016f a \u017ee portfolio na\u0161ich klient\u016f se pohybuje v rozsahu od v\u00fdrobc\u016f n\u00e1bytku, klimatiza\u010dn\u00ed a chladic\u00ed techniky, a\u017e p\u0159\u00edmo po slo\u017eit\u00e9 oblasti aplikac\u00ed v pr\u016fmyslu automobilov\u00e9m a elektroniky. D\u00edky mnoha rok\u016fm na\u0161ich zku\u0161enost\u00ed a technick\u00fdch znalost\u00ed jsme vyvinuli know-how pro konkr\u00e9tn\u00ed pr\u016fmyslov\u00e9 odv\u011btv\u00ed, kde na\u0161e profily jsou zabudov\u00e1ny po cel\u00e9 sv\u011bt\u011b do stovek tis\u00edc kus\u016f n\u00e1bytku a t\u011b\u0161\u00ed se mezin\u00e1rodn\u00edmu uzn\u00e1n\u00ed ji\u017e po des\u00edtky let pro jejich kvalitu a spolehlivost. Pokud se jedn\u00e1 o realizaci va\u0161ich projekt\u016f a jejich uveden\u00ed do praxe, nestanov\u00edme si \u017e\u00e1dn\u00e1 omezen\u00ed \u2013 a to ani po str\u00e1nce technick\u00e9 ani geografick\u00e9.<\/p>\n<\/div><div  class=\"column one-half last-col \" >\n<p><img loading=\"lazy\" decoding=\"async\" class=\"aligncenter wp-image-1535 size-full\" src=\"https:\/\/www.doellken-pt.com\/wp-content\/uploads\/2018\/11\/Doellken_Profiles_Startseite_Weltweit-e1571866076624.jpg\" alt=\"\" width=\"825\" height=\"550\" \/><\/p>\n<\/div><\/div><\/div><div class=\"spacer spacer-big\"><\/div><div  class=\"fullwidth-section text-dark\" style=\"background-color:#f7f5f2\"><div class=\"fullwidth-content\" style=\"padding-top:100px;padding-bottom:50px;\"><div class=\"wrapper\"><div id=\"\" class=\"column-section clearfix spaced-normal \"><div  class=\"column two-third  \" >\n<h2>Kontaktujte n\u00e1s<\/h2>\n<div class=\"spacer spacer-medium\"><\/div>\n<p>M\u011bli byste z\u00e1jem o jedn\u00e1n\u00ed o Va\u0161em projektu ?<br \/>\nPak se na n\u00e1s m\u016f\u017eete obr\u00e1tit osobn\u011b a sjednat si sch\u016fzku skrze na\u0161e zastoupen\u00ed v \u010cR:<\/p>\n<\/div><div  class=\"column one-third last-col \" ><\/div><\/div><\/div><div class=\"wrapper\"><div id=\"\" class=\"column-section clearfix spaced-normal \"><div  class=\"column one-third  \" ><div class=\"spacer spacer-medium\"><\/div>\n<h3 style=\"text-decoration: none; border-bottom: 1px solid #000000; padding-top: 7px;\">D\u00f6llken CZ s.r.o.<\/h3>\n<p>D\u00f6llken CZ s.r.o.<br \/>\nNa Radosti 414<br \/>\n155 21 Praha 5<br \/>\nTel.: +420 777 272 473<\/p>\n<p><a href=\"mailto:jan.vitu@doellken-profiles.com\">info.pt@doellken.com<\/a><\/p>\n<div class=\"spacer spacer-medium\"><\/div><\/div><div  class=\"column one-third  \" ><\/div><div  class=\"column one-third last-col \" ><\/div><\/div><\/div><\/div><\/div><div class=\"spacer spacer-big\"><\/div><div class=\"wrapper\"><div id=\"\" class=\"column-section clearfix spaced-normal \"><div  class=\"column two-third  \" >\n<h2>Na\u0161e filozofie<\/h2>\n<div class=\"spacer spacer-medium\"><\/div>\n<p>Jako spole\u010dnost s celosv\u011btovou orientac\u00ed a proaktivn\u00edm p\u0159\u00edstupem jsme v D\u00f6llken Profiles v\u017edy usilovali o to, abychom poskytovali optim\u00e1ln\u00ed v\u00fdkony, pokud jde o kvalitu a servis, a brali na z\u0159etel ochranu \u017eivotn\u00edho prost\u0159ed\u00ed a hospoda\u0159en\u00ed s energi\u00ed a jejich dopady ve v\u0161ech oblastech na\u0161\u00ed \u010dinnosti. Jsme n\u011bmeck\u00fdm st\u0159edn\u011b velk\u00fdm podnikem v r\u00e1mci SKUPINY SURTECO SE, mezin\u00e1rodn\u00edho holdingu spole\u010dnost\u00ed a jsme si v\u011bdomi na\u0161\u00ed odpov\u011bdnosti v\u016f\u010di na\u0161im intern\u00edm a extern\u00edm zainteresovan\u00fdm stran\u00e1m (klient\u016fm, zam\u011bstnanc\u016fm, akcion\u00e1\u0159\u016fm, \u017eivotn\u00edmu prost\u0159ed\u00ed, dodavatel\u016fm, spole\u010dnosti a sdru\u017een\u00edm a svaz\u016fm).<\/p>\n<p>K tomu, abychom byli schopni \u00fa\u010deln\u011b zvl\u00e1dat na\u0161e o\u010dek\u00e1v\u00e1n\u00ed a orientovat na\u0161e c\u00edle a povinnosti (z\u00e1vazn\u00e9, pr\u00e1vn\u00ed, jako\u017e I na\u0161e vlastn\u00ed z\u00e1vazky, co se t\u00fd\u010de ochrany \u017eivotn\u00edho prost\u0159ed\u00ed, vyu\u017e\u00edv\u00e1n\u00ed energi\u00ed, jejich spot\u0159eby a \u00fa\u010dinnosti vyu\u017eit\u00ed) k tomu, abychom dos\u00e1hli optim\u00e1ln\u00edch v\u00fdsledk\u016f, se zam\u011b\u0159ujeme na trval\u00e9 zlep\u0161ov\u00e1n\u00ed na\u0161ich v\u00fdrobk\u016f, slu\u017eeb a postup\u016f v n\u00e1sleduj\u00edc\u00edch hlavn\u00edch oblastech:<\/p>\n<p>1. Kvalita na\u0161ich v\u00fdrobk\u016f a slu\u017eeb<br \/>\n2. Vliv na\u0161\u00ed \u010dinnosti a v\u00fdrobk\u016f na \u017eivotn\u00ed prost\u0159ed\u00ed<br \/>\n3. Zlep\u0161ov\u00e1n\u00ed na\u0161\u00ed m\u011brn\u00e9 spot\u0159eby energie<\/p>\n<div class=\"spacer spacer-medium\"><\/div><\/div><div  class=\"column one-third last-col \" ><\/div><\/div><\/div><div class=\"wrapper\"><div id=\"\" class=\"column-section clearfix spaced-normal \"><div  class=\"column one-full last-col \" ><div class=\"spacer spacer-big\"><\/div><\/div><\/div><\/div>\n","protected":false},"excerpt":{"rendered":"","protected":false},"author":2,"featured_media":0,"parent":0,"menu_order":0,"comment_status":"closed","ping_status":"closed","template":"","meta":{"_acf_changed":false,"_et_pb_use_builder":"off","_et_pb_old_content":"","_et_gb_content_width":"","footnotes":""},"class_list":["post-2355","page","type-page","status-publish","hentry"],"acf":[],"yoast_head":"<!-- This site is optimized with the Yoast SEO plugin v27.6 - https:\/\/yoast.com\/product\/yoast-seo-wordpress\/ -->\n<title>Dom\u016f<\/title>\n<meta name=\"robots\" content=\"index, follow, max-snippet:-1, max-image-preview:large, max-video-preview:-1\" \/>\n<link rel=\"canonical\" href=\"https:\/\/www.doellken-pt.com\/cs\/\" \/>\n<meta property=\"og:locale\" content=\"cs_CZ\" \/>\n<meta property=\"og:type\" content=\"article\" \/>\n<meta property=\"og:title\" content=\"Dom\u016f\" \/>\n<meta property=\"og:url\" content=\"https:\/\/www.doellken-pt.com\/cs\/\" \/>\n<meta property=\"og:site_name\" content=\"D\u00f6llken Profiles Kunststoffprofile\" \/>\n<meta property=\"article:publisher\" content=\"https:\/\/www.facebook.com\/doellkenprofiles\/\" \/>\n<meta property=\"article:modified_time\" content=\"2025-06-20T11:32:18+00:00\" \/>\n<meta property=\"og:image\" content=\"https:\/\/www.doellken-pt.com\/wp-content\/uploads\/2019\/02\/Doellken_Profiles_Startseite_Kunden-e1571866025663.jpg\" \/>\n\t<meta property=\"og:image:width\" content=\"825\" \/>\n\t<meta property=\"og:image:height\" content=\"550\" \/>\n\t<meta property=\"og:image:type\" content=\"image\/jpeg\" \/>\n<meta name=\"twitter:card\" content=\"summary_large_image\" \/>\n<meta name=\"twitter:label1\" content=\"Odhadovan\u00e1 doba \u010dten\u00ed\" \/>\n\t<meta name=\"twitter:data1\" content=\"6 minut\" \/>\n<script type=\"application\/ld+json\" class=\"yoast-schema-graph\">{\"@context\":\"https:\\\/\\\/schema.org\",\"@graph\":[{\"@type\":\"WebPage\",\"@id\":\"https:\\\/\\\/www.doellken-pt.com\\\/cs\\\/\",\"url\":\"https:\\\/\\\/www.doellken-pt.com\\\/cs\\\/\",\"name\":\"Dom\u016f\",\"isPartOf\":{\"@id\":\"https:\\\/\\\/www.doellken-pt.com\\\/cs\\\/#website\"},\"primaryImageOfPage\":{\"@id\":\"https:\\\/\\\/www.doellken-pt.com\\\/cs\\\/#primaryimage\"},\"image\":{\"@id\":\"https:\\\/\\\/www.doellken-pt.com\\\/cs\\\/#primaryimage\"},\"thumbnailUrl\":\"https:\\\/\\\/www.doellken-pt.com\\\/wp-content\\\/uploads\\\/2019\\\/02\\\/Doellken_Profiles_Startseite_Kunden-e1571866025663.jpg\",\"datePublished\":\"2017-09-02T15:45:04+00:00\",\"dateModified\":\"2025-06-20T11:32:18+00:00\",\"breadcrumb\":{\"@id\":\"https:\\\/\\\/www.doellken-pt.com\\\/cs\\\/#breadcrumb\"},\"inLanguage\":\"cs\",\"potentialAction\":[{\"@type\":\"ReadAction\",\"target\":[\"https:\\\/\\\/www.doellken-pt.com\\\/cs\\\/\"]}]},{\"@type\":\"ImageObject\",\"inLanguage\":\"cs\",\"@id\":\"https:\\\/\\\/www.doellken-pt.com\\\/cs\\\/#primaryimage\",\"url\":\"https:\\\/\\\/www.doellken-pt.com\\\/wp-content\\\/uploads\\\/2019\\\/02\\\/Doellken_Profiles_Startseite_Kunden-e1571866025663.jpg\",\"contentUrl\":\"https:\\\/\\\/www.doellken-pt.com\\\/wp-content\\\/uploads\\\/2019\\\/02\\\/Doellken_Profiles_Startseite_Kunden-e1571866025663.jpg\"},{\"@type\":\"BreadcrumbList\",\"@id\":\"https:\\\/\\\/www.doellken-pt.com\\\/cs\\\/#breadcrumb\",\"itemListElement\":[{\"@type\":\"ListItem\",\"position\":1,\"name\":\"Home\",\"item\":\"https:\\\/\\\/www.doellken-pt.com\\\/cs\\\/\"},{\"@type\":\"ListItem\",\"position\":2,\"name\":\"Dom\u016f\"}]},{\"@type\":\"WebSite\",\"@id\":\"https:\\\/\\\/www.doellken-pt.com\\\/cs\\\/#website\",\"url\":\"https:\\\/\\\/www.doellken-pt.com\\\/cs\\\/\",\"name\":\"D\u00f6llken Profiles Kunststoffprofile\",\"description\":\"Technische Profile und Rollladen-Systeme\",\"publisher\":{\"@id\":\"https:\\\/\\\/www.doellken-pt.com\\\/cs\\\/#organization\"},\"potentialAction\":[{\"@type\":\"SearchAction\",\"target\":{\"@type\":\"EntryPoint\",\"urlTemplate\":\"https:\\\/\\\/www.doellken-pt.com\\\/cs\\\/?s={search_term_string}\"},\"query-input\":{\"@type\":\"PropertyValueSpecification\",\"valueRequired\":true,\"valueName\":\"search_term_string\"}}],\"inLanguage\":\"cs\"},{\"@type\":\"Organization\",\"@id\":\"https:\\\/\\\/www.doellken-pt.com\\\/cs\\\/#organization\",\"name\":\"D\u00f6llken Profiles Kunststoffprofile\",\"url\":\"https:\\\/\\\/www.doellken-pt.com\\\/cs\\\/\",\"logo\":{\"@type\":\"ImageObject\",\"inLanguage\":\"cs\",\"@id\":\"https:\\\/\\\/www.doellken-pt.com\\\/cs\\\/#\\\/schema\\\/logo\\\/image\\\/\",\"url\":\"https:\\\/\\\/www.doellken-pt.com\\\/wp-content\\\/uploads\\\/2018\\\/11\\\/Doellken_Profiles_Logo_neu_2.png\",\"contentUrl\":\"https:\\\/\\\/www.doellken-pt.com\\\/wp-content\\\/uploads\\\/2018\\\/11\\\/Doellken_Profiles_Logo_neu_2.png\",\"width\":1024,\"height\":163,\"caption\":\"D\u00f6llken Profiles Kunststoffprofile\"},\"image\":{\"@id\":\"https:\\\/\\\/www.doellken-pt.com\\\/cs\\\/#\\\/schema\\\/logo\\\/image\\\/\"},\"sameAs\":[\"https:\\\/\\\/www.facebook.com\\\/doellkenprofiles\\\/\"]}]}<\/script>\n<!-- \/ Yoast SEO plugin. -->","yoast_head_json":{"title":"Dom\u016f","robots":{"index":"index","follow":"follow","max-snippet":"max-snippet:-1","max-image-preview":"max-image-preview:large","max-video-preview":"max-video-preview:-1"},"canonical":"https:\/\/www.doellken-pt.com\/cs\/","og_locale":"cs_CZ","og_type":"article","og_title":"Dom\u016f","og_url":"https:\/\/www.doellken-pt.com\/cs\/","og_site_name":"D\u00f6llken Profiles Kunststoffprofile","article_publisher":"https:\/\/www.facebook.com\/doellkenprofiles\/","article_modified_time":"2025-06-20T11:32:18+00:00","og_image":[{"width":825,"height":550,"url":"https:\/\/www.doellken-pt.com\/wp-content\/uploads\/2019\/02\/Doellken_Profiles_Startseite_Kunden-e1571866025663.jpg","type":"image\/jpeg"}],"twitter_card":"summary_large_image","twitter_misc":{"Odhadovan\u00e1 doba \u010dten\u00ed":"6 minut"},"schema":{"@context":"https:\/\/schema.org","@graph":[{"@type":"WebPage","@id":"https:\/\/www.doellken-pt.com\/cs\/","url":"https:\/\/www.doellken-pt.com\/cs\/","name":"Dom\u016f","isPartOf":{"@id":"https:\/\/www.doellken-pt.com\/cs\/#website"},"primaryImageOfPage":{"@id":"https:\/\/www.doellken-pt.com\/cs\/#primaryimage"},"image":{"@id":"https:\/\/www.doellken-pt.com\/cs\/#primaryimage"},"thumbnailUrl":"https:\/\/www.doellken-pt.com\/wp-content\/uploads\/2019\/02\/Doellken_Profiles_Startseite_Kunden-e1571866025663.jpg","datePublished":"2017-09-02T15:45:04+00:00","dateModified":"2025-06-20T11:32:18+00:00","breadcrumb":{"@id":"https:\/\/www.doellken-pt.com\/cs\/#breadcrumb"},"inLanguage":"cs","potentialAction":[{"@type":"ReadAction","target":["https:\/\/www.doellken-pt.com\/cs\/"]}]},{"@type":"ImageObject","inLanguage":"cs","@id":"https:\/\/www.doellken-pt.com\/cs\/#primaryimage","url":"https:\/\/www.doellken-pt.com\/wp-content\/uploads\/2019\/02\/Doellken_Profiles_Startseite_Kunden-e1571866025663.jpg","contentUrl":"https:\/\/www.doellken-pt.com\/wp-content\/uploads\/2019\/02\/Doellken_Profiles_Startseite_Kunden-e1571866025663.jpg"},{"@type":"BreadcrumbList","@id":"https:\/\/www.doellken-pt.com\/cs\/#breadcrumb","itemListElement":[{"@type":"ListItem","position":1,"name":"Home","item":"https:\/\/www.doellken-pt.com\/cs\/"},{"@type":"ListItem","position":2,"name":"Dom\u016f"}]},{"@type":"WebSite","@id":"https:\/\/www.doellken-pt.com\/cs\/#website","url":"https:\/\/www.doellken-pt.com\/cs\/","name":"D\u00f6llken Profiles Kunststoffprofile","description":"Technische Profile und Rollladen-Systeme","publisher":{"@id":"https:\/\/www.doellken-pt.com\/cs\/#organization"},"potentialAction":[{"@type":"SearchAction","target":{"@type":"EntryPoint","urlTemplate":"https:\/\/www.doellken-pt.com\/cs\/?s={search_term_string}"},"query-input":{"@type":"PropertyValueSpecification","valueRequired":true,"valueName":"search_term_string"}}],"inLanguage":"cs"},{"@type":"Organization","@id":"https:\/\/www.doellken-pt.com\/cs\/#organization","name":"D\u00f6llken Profiles Kunststoffprofile","url":"https:\/\/www.doellken-pt.com\/cs\/","logo":{"@type":"ImageObject","inLanguage":"cs","@id":"https:\/\/www.doellken-pt.com\/cs\/#\/schema\/logo\/image\/","url":"https:\/\/www.doellken-pt.com\/wp-content\/uploads\/2018\/11\/Doellken_Profiles_Logo_neu_2.png","contentUrl":"https:\/\/www.doellken-pt.com\/wp-content\/uploads\/2018\/11\/Doellken_Profiles_Logo_neu_2.png","width":1024,"height":163,"caption":"D\u00f6llken Profiles Kunststoffprofile"},"image":{"@id":"https:\/\/www.doellken-pt.com\/cs\/#\/schema\/logo\/image\/"},"sameAs":["https:\/\/www.facebook.com\/doellkenprofiles\/"]}]}},"_links":{"self":[{"href":"https:\/\/www.doellken-pt.com\/cs\/wp-json\/wp\/v2\/pages\/2355","targetHints":{"allow":["GET"]}}],"collection":[{"href":"https:\/\/www.doellken-pt.com\/cs\/wp-json\/wp\/v2\/pages"}],"about":[{"href":"https:\/\/www.doellken-pt.com\/cs\/wp-json\/wp\/v2\/types\/page"}],"author":[{"embeddable":true,"href":"https:\/\/www.doellken-pt.com\/cs\/wp-json\/wp\/v2\/users\/2"}],"replies":[{"embeddable":true,"href":"https:\/\/www.doellken-pt.com\/cs\/wp-json\/wp\/v2\/comments?post=2355"}],"version-history":[{"count":4,"href":"https:\/\/www.doellken-pt.com\/cs\/wp-json\/wp\/v2\/pages\/2355\/revisions"}],"predecessor-version":[{"id":2547,"href":"https:\/\/www.doellken-pt.com\/cs\/wp-json\/wp\/v2\/pages\/2355\/revisions\/2547"}],"wp:attachment":[{"href":"https:\/\/www.doellken-pt.com\/cs\/wp-json\/wp\/v2\/media?parent=2355"}],"curies":[{"name":"wp","href":"https:\/\/api.w.org\/{rel}","templated":true}]}}