{"id":2224,"date":"2017-09-08T18:03:01","date_gmt":"2017-09-08T16:03:01","guid":{"rendered":"https:\/\/www.doellken-pt.com\/kontakt\/"},"modified":"2025-06-20T13:29:29","modified_gmt":"2025-06-20T11:29:29","slug":"kontakt","status":"publish","type":"page","link":"https:\/\/www.doellken-pt.com\/pl\/kontakt\/","title":{"rendered":"Kontakt"},"content":{"rendered":"<div class=\"wrapper\"><div id=\"\" class=\"column-section clearfix spaced-normal \"><div  class=\"column two-third  \" ><div class=\"spacer spacer-big\"><\/div>\n<h2>Zapraszamy do kontaktu<\/h2>\n<div class=\"spacer spacer-medium\"><\/div>\n<p>Wsp\u00f3\u0142prac\u0119 nawi\u0105zujemy ju\u017c w momencie pojawienia si\u0119 pomys\u0142u i fazie wczesnego planowania, a ko\u0144czymy dostarczaj\u0105c terminowo produkt ko\u0144cowy. Przez wszystkie etapy prowadzi Pa\u0144stwa wyznaczony z naszego zespo\u0142u profesjonalista.<\/p>\n<\/div><div  class=\"column one-third last-col \" ><\/div><\/div><\/div><div class=\"spacer spacer-medium\"><\/div><div class=\"wrapper\"><div id=\"\" class=\"column-section clearfix spaced-normal \"><div  class=\"column one-full last-col \" ><div class=\"spacer spacer-medium\"><\/div>\n<h3 style=\"text-decoration: none; border-bottom: 1px solid #000000; padding-top: 7px;\">Krzysztof Dawid<\/h3>\n<p>K.K. Baczy\u0144skiego 25E<br \/>\n41-203 Sosnowiec<\/p>\n<p>Telefon: +48 516 186 455<br \/>\nFax: +48 32 781 20 91<\/p>\n<p><a href=\"mailto:krzysztof.dawid@doellken-profiles.com\">krzysztof.dawid@doellken-profiles.com<\/a><\/p>\n<div class=\"spacer spacer-medium\"><\/div><\/div><\/div><\/div><div  class=\"fullwidth-section text-dark\" style=\"background-color:#f7f5f2\"><div class=\"fullwidth-content\" style=\"padding-top:0px;padding-bottom:50px;\"><div class=\"no-wrapper\"><div id=\"\" class=\"column-section clearfix spaced-normal \"><div  class=\"column one-full last-col \" ><div class=\"spacer spacer-medium\"><\/div><\/div><\/div><\/div><div class=\"wrapper\"><div id=\"\" class=\"column-section clearfix spaced-normal \"><div  class=\"column one-third  \" >\n<h3 style=\"text-decoration: none; border-bottom: 1px solid #000000; padding-top: 7px;\">D\u00f6llken Profiles GmbH Standort Dunningen<\/h3>\n<p>Daimlerstra\u00dfe 4<br \/>\n78655 Dunningen | Germany<\/p>\n<p>Telefon: +49 7403 701 0<br \/>\nFax: +49 7403 7403 701 11<br \/>\n<a href=\"mailto:info@doellken-profiles.com\">info@doellken-profiles.com<\/a><br \/>\n<a href=\"https:\/\/www.doellken-pt.com\/pl\/\">www.doellken-pt.com<\/a><\/p>\n<div class=\"spacer spacer-medium\"><\/div><\/div><div  class=\"column one-third  \" >\n<h3 style=\"text-decoration: none; border-bottom: 1px solid #000000; padding-top: 7px;\">D\u00f6llken Profiles GmbH Standort B\u00f6nen<\/h3>\n<p>Industriestra\u00dfe 1<br \/>\n59199 B\u00f6nen | Germany<\/p>\n<p>Telefon: + 49 36 43 41 70-711<br \/>\nFax: + 49 36 43 41 70-330<br \/>\n<a href=\"mailto:info@doellken-profiles.com\">info@doellken-profiles.com<\/a><br \/>\n<a href=\"https:\/\/www.doellken-pt.com\/pl\/\">www.doellken-pt.com<\/a><\/p>\n<div class=\"spacer spacer-medium\"><\/div><\/div><div  class=\"column one-third last-col \" >\n<h3 style=\"text-decoration: none; border-bottom: 1px solid #000000; padding-top: 7px;\">D\u00f6llken Profiles GmbH Standort Nohra<\/h3>\n<p>Gewerbepark U.N.O. | Stangenallee 3<br \/>\n99428 Nohra | Germany<\/p>\n<p>Telefon: + 49 36 43 41 70-711<br \/>\nFax: + 49 36 43 41 70-330<br \/>\n<a href=\"mailto:info@doellken-profiles.com\">info@doellken-profiles.com<\/a><br \/>\n<a href=\"https:\/\/www.doellken-pt.com\/pl\/\">www.doellken-pt.com<\/a><\/p>\n<div class=\"spacer spacer-medium\"><\/div><\/div><\/div><\/div><div class=\"wrapper\"><div id=\"\" class=\"column-section clearfix spaced-normal \"><div  class=\"column one-third  \" >\n<h3 style=\"text-decoration: none; border-bottom: 1px solid #000000; padding-top: 7px;\">Nenplas Limited<\/h3>\n<p>Blenheim Road | Airfield Industrial Estate,<br \/>\nAshbourne | Derbyshire DE6 1HA<\/p>\n<p>Telefon: + 49 36 43 41 70-711<br \/>\nFax: + 49 36 43 41 70-330<br \/>\n<a href=\"mailto:enquiries@nenplast.co.uk\">enquiries@nenplast.co.uk<\/a><br \/>\n<a href=\"http:\/\/www.nenplas.co.uk\">www.nenplas.co.uk<\/a><\/p>\n<div class=\"spacer spacer-medium\"><\/div><\/div><div  class=\"column one-third  \" >\n<h3 style=\"text-decoration: none; border-bottom: 1px solid #000000; padding-top: 7px;\">Polyplas Extrusions Limited<\/h3>\n<p>Unit 1 Wilden Industrial Estate | Wilden Lane<br \/>\nStourport on Severn | Worcestershire DY13 9JY<\/p>\n<p>Telefon: + 49 36 43 41 70-711<br \/>\nFax: + 49 36 43 41 70-330<br \/>\n<a href=\"mailto:info@polyplast.co.uk\">info@polyplast.co.uk<\/a><br \/>\n<a href=\"http:\/\/www.polyplasextrusions.co.uk\">www.polyplasextrusions.co.uk&lt;\/a<\/a><\/p>\n<div class=\"spacer spacer-medium\"><\/div><\/div><div  class=\"column one-third last-col \" >\n<h3 style=\"text-decoration: none; border-bottom: 1px solid #000000; padding-top: 7px;\"><strong>D\u00f6llken Sp. z o.o.<\/strong><\/h3>\n<p>ul. K.K. Baczy\u0144skiego 25E<br \/>\n41-203 Sosnowiec | Polska<\/p>\n<p>Tel.: +48 32 781 20 90<br \/>\nE-mail: <a href=\"mailto:biuro@doellken-profiles.com\">biuro@doellken-profiles.com<\/a><br \/>\n<a href=\"https:\/\/www.doellken.pl\">www.doellken.pl<\/a><\/p>\n<div class=\"spacer spacer-medium\"><\/div><\/div><\/div><\/div><\/div><\/div>\n","protected":false},"excerpt":{"rendered":"","protected":false},"author":2,"featured_media":0,"parent":0,"menu_order":0,"comment_status":"closed","ping_status":"closed","template":"","meta":{"_acf_changed":false,"_et_pb_use_builder":"","_et_pb_old_content":"","_et_gb_content_width":"","footnotes":""},"class_list":["post-2224","page","type-page","status-publish","hentry"],"acf":[],"yoast_head":"<!-- This site is optimized with the Yoast SEO plugin v27.6 - https:\/\/yoast.com\/product\/yoast-seo-wordpress\/ -->\n<title>Kontakt<\/title>\n<meta name=\"robots\" content=\"index, follow, max-snippet:-1, max-image-preview:large, max-video-preview:-1\" \/>\n<link rel=\"canonical\" href=\"https:\/\/www.doellken-pt.com\/pl\/kontakt-2-2\/\" \/>\n<meta property=\"og:locale\" content=\"pl_PL\" \/>\n<meta property=\"og:type\" content=\"article\" \/>\n<meta property=\"og:title\" content=\"Kontakt\" \/>\n<meta property=\"og:url\" content=\"https:\/\/www.doellken-pt.com\/pl\/kontakt-2-2\/\" \/>\n<meta property=\"og:site_name\" content=\"D\u00f6llken Profiles Kunststoffprofile\" \/>\n<meta property=\"article:publisher\" content=\"https:\/\/www.facebook.com\/doellkenprofiles\/\" \/>\n<meta property=\"article:modified_time\" content=\"2025-06-20T11:29:29+00:00\" \/>\n<meta name=\"twitter:card\" content=\"summary_large_image\" \/>\n<meta name=\"twitter:label1\" content=\"Szacowany czas czytania\" \/>\n\t<meta name=\"twitter:data1\" content=\"2 minuty\" \/>\n<script type=\"application\/ld+json\" class=\"yoast-schema-graph\">{\"@context\":\"https:\\\/\\\/schema.org\",\"@graph\":[{\"@type\":\"WebPage\",\"@id\":\"https:\\\/\\\/www.doellken-pt.com\\\/pl\\\/kontakt\\\/\",\"url\":\"https:\\\/\\\/www.doellken-pt.com\\\/pl\\\/kontakt-2-2\\\/\",\"name\":\"Kontakt\",\"isPartOf\":{\"@id\":\"https:\\\/\\\/www.doellken-pt.com\\\/pl\\\/#website\"},\"datePublished\":\"2017-09-08T16:03:01+00:00\",\"dateModified\":\"2025-06-20T11:29:29+00:00\",\"breadcrumb\":{\"@id\":\"https:\\\/\\\/www.doellken-pt.com\\\/pl\\\/kontakt-2-2\\\/#breadcrumb\"},\"inLanguage\":\"pl-PL\",\"potentialAction\":[{\"@type\":\"ReadAction\",\"target\":[\"https:\\\/\\\/www.doellken-pt.com\\\/pl\\\/kontakt-2-2\\\/\"]}]},{\"@type\":\"BreadcrumbList\",\"@id\":\"https:\\\/\\\/www.doellken-pt.com\\\/pl\\\/kontakt-2-2\\\/#breadcrumb\",\"itemListElement\":[{\"@type\":\"ListItem\",\"position\":1,\"name\":\"Home\",\"item\":\"https:\\\/\\\/www.doellken-pt.com\\\/pl\\\/\"},{\"@type\":\"ListItem\",\"position\":2,\"name\":\"Kontakt\"}]},{\"@type\":\"WebSite\",\"@id\":\"https:\\\/\\\/www.doellken-pt.com\\\/pl\\\/#website\",\"url\":\"https:\\\/\\\/www.doellken-pt.com\\\/pl\\\/\",\"name\":\"D\u00f6llken Profiles Kunststoffprofile\",\"description\":\"Technische Profile und Rollladen-Systeme\",\"publisher\":{\"@id\":\"https:\\\/\\\/www.doellken-pt.com\\\/pl\\\/#organization\"},\"potentialAction\":[{\"@type\":\"SearchAction\",\"target\":{\"@type\":\"EntryPoint\",\"urlTemplate\":\"https:\\\/\\\/www.doellken-pt.com\\\/pl\\\/?s={search_term_string}\"},\"query-input\":{\"@type\":\"PropertyValueSpecification\",\"valueRequired\":true,\"valueName\":\"search_term_string\"}}],\"inLanguage\":\"pl-PL\"},{\"@type\":\"Organization\",\"@id\":\"https:\\\/\\\/www.doellken-pt.com\\\/pl\\\/#organization\",\"name\":\"D\u00f6llken Profiles Kunststoffprofile\",\"url\":\"https:\\\/\\\/www.doellken-pt.com\\\/pl\\\/\",\"logo\":{\"@type\":\"ImageObject\",\"inLanguage\":\"pl-PL\",\"@id\":\"https:\\\/\\\/www.doellken-pt.com\\\/pl\\\/#\\\/schema\\\/logo\\\/image\\\/\",\"url\":\"https:\\\/\\\/www.doellken-pt.com\\\/wp-content\\\/uploads\\\/2018\\\/11\\\/Doellken_Profiles_Logo_neu_2.png\",\"contentUrl\":\"https:\\\/\\\/www.doellken-pt.com\\\/wp-content\\\/uploads\\\/2018\\\/11\\\/Doellken_Profiles_Logo_neu_2.png\",\"width\":1024,\"height\":163,\"caption\":\"D\u00f6llken Profiles Kunststoffprofile\"},\"image\":{\"@id\":\"https:\\\/\\\/www.doellken-pt.com\\\/pl\\\/#\\\/schema\\\/logo\\\/image\\\/\"},\"sameAs\":[\"https:\\\/\\\/www.facebook.com\\\/doellkenprofiles\\\/\"]}]}<\/script>\n<!-- \/ Yoast SEO plugin. -->","yoast_head_json":{"title":"Kontakt","robots":{"index":"index","follow":"follow","max-snippet":"max-snippet:-1","max-image-preview":"max-image-preview:large","max-video-preview":"max-video-preview:-1"},"canonical":"https:\/\/www.doellken-pt.com\/pl\/kontakt-2-2\/","og_locale":"pl_PL","og_type":"article","og_title":"Kontakt","og_url":"https:\/\/www.doellken-pt.com\/pl\/kontakt-2-2\/","og_site_name":"D\u00f6llken Profiles Kunststoffprofile","article_publisher":"https:\/\/www.facebook.com\/doellkenprofiles\/","article_modified_time":"2025-06-20T11:29:29+00:00","twitter_card":"summary_large_image","twitter_misc":{"Szacowany czas czytania":"2 minuty"},"schema":{"@context":"https:\/\/schema.org","@graph":[{"@type":"WebPage","@id":"https:\/\/www.doellken-pt.com\/pl\/kontakt\/","url":"https:\/\/www.doellken-pt.com\/pl\/kontakt-2-2\/","name":"Kontakt","isPartOf":{"@id":"https:\/\/www.doellken-pt.com\/pl\/#website"},"datePublished":"2017-09-08T16:03:01+00:00","dateModified":"2025-06-20T11:29:29+00:00","breadcrumb":{"@id":"https:\/\/www.doellken-pt.com\/pl\/kontakt-2-2\/#breadcrumb"},"inLanguage":"pl-PL","potentialAction":[{"@type":"ReadAction","target":["https:\/\/www.doellken-pt.com\/pl\/kontakt-2-2\/"]}]},{"@type":"BreadcrumbList","@id":"https:\/\/www.doellken-pt.com\/pl\/kontakt-2-2\/#breadcrumb","itemListElement":[{"@type":"ListItem","position":1,"name":"Home","item":"https:\/\/www.doellken-pt.com\/pl\/"},{"@type":"ListItem","position":2,"name":"Kontakt"}]},{"@type":"WebSite","@id":"https:\/\/www.doellken-pt.com\/pl\/#website","url":"https:\/\/www.doellken-pt.com\/pl\/","name":"D\u00f6llken Profiles Kunststoffprofile","description":"Technische Profile und Rollladen-Systeme","publisher":{"@id":"https:\/\/www.doellken-pt.com\/pl\/#organization"},"potentialAction":[{"@type":"SearchAction","target":{"@type":"EntryPoint","urlTemplate":"https:\/\/www.doellken-pt.com\/pl\/?s={search_term_string}"},"query-input":{"@type":"PropertyValueSpecification","valueRequired":true,"valueName":"search_term_string"}}],"inLanguage":"pl-PL"},{"@type":"Organization","@id":"https:\/\/www.doellken-pt.com\/pl\/#organization","name":"D\u00f6llken Profiles Kunststoffprofile","url":"https:\/\/www.doellken-pt.com\/pl\/","logo":{"@type":"ImageObject","inLanguage":"pl-PL","@id":"https:\/\/www.doellken-pt.com\/pl\/#\/schema\/logo\/image\/","url":"https:\/\/www.doellken-pt.com\/wp-content\/uploads\/2018\/11\/Doellken_Profiles_Logo_neu_2.png","contentUrl":"https:\/\/www.doellken-pt.com\/wp-content\/uploads\/2018\/11\/Doellken_Profiles_Logo_neu_2.png","width":1024,"height":163,"caption":"D\u00f6llken Profiles Kunststoffprofile"},"image":{"@id":"https:\/\/www.doellken-pt.com\/pl\/#\/schema\/logo\/image\/"},"sameAs":["https:\/\/www.facebook.com\/doellkenprofiles\/"]}]}},"_links":{"self":[{"href":"https:\/\/www.doellken-pt.com\/pl\/wp-json\/wp\/v2\/pages\/2224","targetHints":{"allow":["GET"]}}],"collection":[{"href":"https:\/\/www.doellken-pt.com\/pl\/wp-json\/wp\/v2\/pages"}],"about":[{"href":"https:\/\/www.doellken-pt.com\/pl\/wp-json\/wp\/v2\/types\/page"}],"author":[{"embeddable":true,"href":"https:\/\/www.doellken-pt.com\/pl\/wp-json\/wp\/v2\/users\/2"}],"replies":[{"embeddable":true,"href":"https:\/\/www.doellken-pt.com\/pl\/wp-json\/wp\/v2\/comments?post=2224"}],"version-history":[{"count":6,"href":"https:\/\/www.doellken-pt.com\/pl\/wp-json\/wp\/v2\/pages\/2224\/revisions"}],"predecessor-version":[{"id":3375,"href":"https:\/\/www.doellken-pt.com\/pl\/wp-json\/wp\/v2\/pages\/2224\/revisions\/3375"}],"wp:attachment":[{"href":"https:\/\/www.doellken-pt.com\/pl\/wp-json\/wp\/v2\/media?parent=2224"}],"curies":[{"name":"wp","href":"https:\/\/api.w.org\/{rel}","templated":true}]}}