{"id":2229,"date":"2017-09-02T17:45:04","date_gmt":"2017-09-02T15:45:04","guid":{"rendered":"https:\/\/www.doellken-pt.com\/home-2\/"},"modified":"2020-01-20T23:28:52","modified_gmt":"2020-01-20T22:28:52","slug":"home-2","status":"publish","type":"page","link":"https:\/\/www.doellken-pt.com\/pl\/","title":{"rendered":"Strona g\u0142\u00f3wna"},"content":{"rendered":"<div class=\"wrapper\"><div id=\"\" class=\"column-section clearfix spaced-normal \"><div  class=\"column one-half  \" ><div class=\"spacer spacer-big\"><\/div>\n<h1>Profile techniczne i \u017caluzje meblowe<\/h1>\n<div class=\"spacer spacer-medium\"><\/div><\/div><div  class=\"column one-half last-col \" ><\/div><\/div><\/div><div class=\"wrapper\"><div id=\"\" class=\"column-section clearfix spaced-normal \"><div  class=\"column two-third  \" >\n<p>Motorem dzia\u0142ania D\u00f6llken jest przywo\u0142anie charakterystycznego b\u0142ysku w oczach klienta. Mo\u017cna go dostrzec tylko wtedy, kiedy oczekiwania klienta zostan\u0105 precyzyjnie spe\u0142nione, a rezultat przekracza jego wyobra\u017cenia. Znamy nasze mo\u017cliwo\u015bci, wykorzystujemy je i eksportujemy nasze produkty na ponad 50 rynk\u00f3w na ca\u0142ym \u015bwiecie. Do osi\u0105gni\u0119cia tego sukcesu przyczynia si\u0119 codzienna satysfakcjonuj\u0105ca praca 464 os\u00f3b. Firma D\u00f6llken jako specjalista ekstruzji profili technicznych oraz system\u00f3w \u017caluzji tworzy histori\u0119 sukcesu, b\u0119d\u0105cej wynikiem sta\u0142ej orientacji na potrzeby klienta.<\/p>\n<div class=\"spacer spacer-big\"><\/div><\/div><div  class=\"column one-third last-col \" ><\/div><\/div><\/div><div class=\"spacer spacer-big\"><\/div><div class=\"wrapper\"><div id=\"\" class=\"column-section clearfix spaced-big  reverse-columns-mobile\"><div  class=\"column one-half  \" ><div class=\"spacer spacer-medium\"><\/div>\n<h3 style=\"text-decoration: none; border-bottom: 1px solid #000000; padding-top: 7px;\">Dlaczego klienci nas doceniaj\u0105?<\/h3>\n<p>Jeste\u015bmy specjalistami w ekstruzji profili z tworzywa sztucznego od ponad 60 lat. Nasze us\u0142ugi skierowane s\u0105 g\u0142\u00f3wnie do firm przemys\u0142owych na ca\u0142ym \u015bwiecie. Obszary zastosowa\u0144, formy oraz funkcje naszych profili s\u0105 nieograniczone. Nasze produkty mo\u017cna podzieli\u0107 na dwie grupy: profile techniczne oraz \u017caluzje systemowe.<\/p>\n<div class=\"spacer spacer-big\"><\/div><\/div><div  class=\"column one-half last-col \" >\n<p><img loading=\"lazy\" decoding=\"async\" class=\"aligncenter wp-image-1826 size-full\" src=\"https:\/\/www.doellken-pt.com\/wp-content\/uploads\/2019\/02\/Doellken_Profiles_Startseite_Kunden-e1571866025663.jpg\" alt=\"\" width=\"825\" height=\"550\" \/><\/p>\n<\/div><\/div><\/div><div class=\"spacer spacer-big\"><\/div><div class=\"wrapper\"><div id=\"\" class=\"column-section clearfix spaced-big \"><div  class=\"column one-half  \" >\n<p><img loading=\"lazy\" decoding=\"async\" width=\"900\" height=\"600\" class=\"alignnone size-medium wp-image-2565\" src=\"https:\/\/www.doellken-pt.com\/wp-content\/uploads\/2020\/01\/PL-Doellken_Profiles_Startseite_Systemgedanke-e1571866057477-900x600.png\" alt=\"Tw\u00f3j produkt\" srcset=\"https:\/\/www.doellken-pt.com\/wp-content\/uploads\/2020\/01\/PL-Doellken_Profiles_Startseite_Systemgedanke-e1571866057477-900x600.png 900w, https:\/\/www.doellken-pt.com\/wp-content\/uploads\/2020\/01\/PL-Doellken_Profiles_Startseite_Systemgedanke-e1571866057477-768x512.png 768w, https:\/\/www.doellken-pt.com\/wp-content\/uploads\/2020\/01\/PL-Doellken_Profiles_Startseite_Systemgedanke-e1571866057477-420x280.png 420w, https:\/\/www.doellken-pt.com\/wp-content\/uploads\/2020\/01\/PL-Doellken_Profiles_Startseite_Systemgedanke-e1571866057477-600x400.png 600w, https:\/\/www.doellken-pt.com\/wp-content\/uploads\/2020\/01\/PL-Doellken_Profiles_Startseite_Systemgedanke-e1571866057477.png 1100w\" sizes=\"(max-width: 900px) 100vw, 900px\" \/><\/p>\n<\/div><div  class=\"column one-half last-col \" ><div class=\"spacer spacer-medium\"><\/div>\n<h3 style=\"text-decoration: none; border-bottom: 1px solid #000000; padding-top: 7px;\">Kompleksowe rozwi\u0105zania<\/h3>\n<p>W centrum naszego dzia\u0142ania stawiamy zawsze produkt i wszystkie zwi\u0105zane z jego powstaniem procesy. Poprowadzimy Pa\u0144stwa projekt od pocz\u0105tku do samego ko\u0144ca, przyczyniaj\u0105c si\u0119 do osi\u0105gni\u0119cia sukcesu przez Pa\u0144stwa przedsi\u0119biorstwo.<\/p>\n<p style=\"font-size: 24px;\"><span style=\"color: #ff9e16;\">Oferujemy gotowe rozwi\u0105zania przy ma\u0142ych jak i seryjnych zam\u00f3wieniach.<\/span><\/p>\n<div class=\"spacer spacer-big\"><\/div><\/div><\/div><\/div><div class=\"spacer spacer-big\"><\/div><div class=\"wrapper\"><div id=\"\" class=\"column-section clearfix spaced-big  reverse-columns-mobile\"><div  class=\"column one-half  \" ><div class=\"spacer spacer-medium\"><\/div>\n<h3 style=\"text-decoration: none; border-bottom: 1px solid #000000; padding-top: 7px;\">Cieszymy si\u0119 zaufaniem klient\u00f3w na ca\u0142ym \u015bwiecie<\/h3>\n<p>Ze wzgl\u0119du na szeroki zakres naszej dzia\u0142alno\u015bci i mo\u017cliwo\u015b\u0107 spe\u0142niania indywidualnych potrzeb odbiorc\u00f3w, do grona naszych klient\u00f3w zaliczaj\u0105 si\u0119 zar\u00f3wno producenci meblowi, jak i odbiorcy w bran\u017cy ch\u0142odniczej, motoryzacyjnej oraz elektrycznej.<\/p>\n<p>Nasza specjalistyczna wiedza bran\u017cowa opiera si\u0119 na wieloletnim do\u015bwiadczeniu. Nasze profile znalaz\u0142y swoje zastosowanie w setkach tysi\u0119cy produkt\u00f3w na ca\u0142ym \u015bwiecie i ze wzgl\u0119du na jako\u015b\u0107 oraz niezawodno\u015b\u0107 ciesz\u0105 si\u0119 od dziesi\u0119cioleci uznaniem klient\u00f3w. Przy realizacji danego projektu nie ograniczaj\u0105 nas \u017cadne ani geograficzne ani technologiczne granice.<\/p>\n<\/div><div  class=\"column one-half last-col \" >\n<p><img loading=\"lazy\" decoding=\"async\" class=\"aligncenter wp-image-1535 size-full\" src=\"https:\/\/www.doellken-pt.com\/wp-content\/uploads\/2018\/11\/Doellken_Profiles_Startseite_Weltweit-e1571866076624.jpg\" alt=\"\" width=\"825\" height=\"550\" \/><\/p>\n<\/div><\/div><\/div><div class=\"spacer spacer-big\"><\/div><div  class=\"fullwidth-section text-dark\" style=\"background-color:#f7f5f2\"><div class=\"fullwidth-content\" style=\"padding-top:100px;padding-bottom:50px;\"><div class=\"wrapper\"><div id=\"\" class=\"column-section clearfix spaced-normal \"><div  class=\"column two-third  \" >\n<h2>Kontakt<\/h2>\n<div class=\"spacer spacer-medium\"><\/div>\n<p>Czy chc\u0105 Pa\u0144stwo porozmawia\u0107 z nami o swoim projekcie? Je\u015bli tak, prosimy zwr\u00f3ci\u0107 si\u0119 bezpo\u015brednio do naszego przedstawiciela i uzgodni\u0107 termin spotkania:<\/p>\n<\/div><div  class=\"column one-third last-col \" ><\/div><\/div><\/div><div class=\"wrapper\"><div id=\"\" class=\"column-section clearfix spaced-normal \"><div  class=\"column one-full last-col \" ><div class=\"spacer spacer-medium\"><\/div>\n<h3 style=\"text-decoration: none; border-bottom: 1px solid #000000; padding-top: 7px;\">Krzysztof Dawid<\/h3>\n<p>K.K. Baczy\u0144skiego 25E<br \/>\n41-203 Sosnowiec<br \/>\nTelefon: +48 516 186 455<br \/>\nFax: +48 32 781 20 91<br \/>\n<a href=\"mailto:krzysztof.dawid@doellken-profiles.com\">krzysztof.dawid@doellken-profiles.com<\/a><\/p>\n<div class=\"spacer spacer-medium\"><\/div><\/div><\/div><\/div><\/div><\/div><div class=\"spacer spacer-big\"><\/div><div class=\"wrapper\"><div id=\"\" class=\"column-section clearfix spaced-normal \"><div  class=\"column two-third  \" >\n<h2>Filozofia naszego przedsi\u0119biorstwa<\/h2>\n<div class=\"spacer spacer-medium\"><\/div>\n<p>My\u015blimy i dzia\u0142amy globalnie \u2013 jako D\u00f6llken Profiles GmbH staramy si\u0119 oferowa\u0107 najlepsz\u0105 jako\u015b\u0107 i serwis z uwzgl\u0119dnieniem aspekt\u00f3w \u015brodowiskowych i energetycznych we wszystkich obszarach naszej dzia\u0142alno\u015bci. Jeste\u015bmy niemieck\u0105 firm\u0105 w sektorze \u015brednich przedsi\u0119biorstw, kt\u00f3ra nale\u017cy do mi\u0119dzynarodowego koncernu Surteco GROUP SE. Post\u0119pujemy odpowiedzialnie wobec naszych partner\u00f3w (klient\u00f3w, wsp\u00f3\u0142pracownik\u00f3w, akcjonariuszy, \u015brodowiska, dostawc\u00f3w).<\/p>\n<p>\u017beby osi\u0105gn\u0105\u0107 jak najlepsze wyniki oraz sprosta\u0107 stawianym wobec nas oczekiwaniom i wi\u0105\u017c\u0105cym, prawnym oraz wewn\u0119trznym zobowi\u0105zaniom, w szczeg\u00f3lno\u015bci w odniesieniu do ochrony \u015brodowiska, wykorzystania, zu\u017cycia i energii oraz efektywno\u015bci energetycznej zobowi\u0105zaniom, koncentrujemy si\u0119 na ci\u0105g\u0142ym ulepszaniu naszych produkt\u00f3w i us\u0142ug.<\/p>\n<p>Do naszych priorytet\u00f3w nale\u017c\u0105:<\/p>\n<ol>\n<li>Jako\u015bci oferowanych produkt\u00f3w i us\u0142ug<\/li>\n<li>Wp\u0142yw naszej dzia\u0142alno\u015bci oraz produkt\u00f3w na \u015brodowisko<\/li>\n<li>Poprawa jednostkowego zu\u017cycia energii<\/li>\n<\/ol>\n<div class=\"spacer spacer-medium\"><\/div><\/div><div  class=\"column one-third last-col \" ><\/div><\/div><\/div><div class=\"wrapper\"><div id=\"\" class=\"column-section clearfix spaced-normal \"><div  class=\"column one-full last-col \" ><div class=\"spacer spacer-big\"><\/div><\/div><\/div><\/div>\n","protected":false},"excerpt":{"rendered":"","protected":false},"author":2,"featured_media":0,"parent":0,"menu_order":0,"comment_status":"closed","ping_status":"closed","template":"","meta":{"_acf_changed":false,"_et_pb_use_builder":"off","_et_pb_old_content":"","_et_gb_content_width":"","footnotes":""},"class_list":["post-2229","page","type-page","status-publish","hentry"],"acf":[],"yoast_head":"<!-- This site is optimized with the Yoast SEO plugin v27.4 - https:\/\/yoast.com\/product\/yoast-seo-wordpress\/ -->\n<title>D\u00f6llken Profiles Kunststoffprofile - Strona g\u0142\u00f3wna<\/title>\n<meta name=\"description\" content=\"Profile techniczne D\u00f6llken Profiles - idealne rozwi\u0105zania z tworzywa sztucznego. Od projektu po planowanie i kompleksow\u0105 produkcj\u0119.\" \/>\n<meta name=\"robots\" content=\"index, follow, max-snippet:-1, max-image-preview:large, max-video-preview:-1\" \/>\n<link rel=\"canonical\" href=\"https:\/\/www.doellken-pt.com\/pl\/\" \/>\n<meta property=\"og:locale\" content=\"pl_PL\" \/>\n<meta property=\"og:type\" content=\"article\" \/>\n<meta property=\"og:title\" content=\"D\u00f6llken Profiles Kunststoffprofile - Strona g\u0142\u00f3wna\" \/>\n<meta property=\"og:description\" content=\"Profile techniczne D\u00f6llken Profiles - idealne rozwi\u0105zania z tworzywa sztucznego. Od projektu po planowanie i kompleksow\u0105 produkcj\u0119.\" \/>\n<meta property=\"og:url\" content=\"https:\/\/www.doellken-pt.com\/pl\/\" \/>\n<meta property=\"og:site_name\" content=\"D\u00f6llken Profiles Kunststoffprofile\" \/>\n<meta property=\"article:publisher\" content=\"https:\/\/www.facebook.com\/doellkenprofiles\/\" \/>\n<meta property=\"article:modified_time\" content=\"2020-01-20T22:28:52+00:00\" \/>\n<meta property=\"og:image\" content=\"https:\/\/www.doellken-pt.com\/wp-content\/uploads\/2019\/02\/Doellken_Profiles_Startseite_Kunden-e1571866025663.jpg\" \/>\n<meta name=\"twitter:card\" content=\"summary_large_image\" \/>\n<meta name=\"twitter:label1\" content=\"Szacowany czas czytania\" \/>\n\t<meta name=\"twitter:data1\" content=\"4 minuty\" \/>\n<script type=\"application\/ld+json\" class=\"yoast-schema-graph\">{\"@context\":\"https:\\\/\\\/schema.org\",\"@graph\":[{\"@type\":\"WebPage\",\"@id\":\"https:\\\/\\\/www.doellken-pt.com\\\/pl\\\/\",\"url\":\"https:\\\/\\\/www.doellken-pt.com\\\/pl\\\/\",\"name\":\"D\u00f6llken Profiles Kunststoffprofile - Strona g\u0142\u00f3wna\",\"isPartOf\":{\"@id\":\"https:\\\/\\\/www.doellken-pt.com\\\/pl\\\/#website\"},\"primaryImageOfPage\":{\"@id\":\"https:\\\/\\\/www.doellken-pt.com\\\/pl\\\/#primaryimage\"},\"image\":{\"@id\":\"https:\\\/\\\/www.doellken-pt.com\\\/pl\\\/#primaryimage\"},\"thumbnailUrl\":\"https:\\\/\\\/www.doellken-pt.com\\\/wp-content\\\/uploads\\\/2019\\\/02\\\/Doellken_Profiles_Startseite_Kunden-e1571866025663.jpg\",\"datePublished\":\"2017-09-02T15:45:04+00:00\",\"dateModified\":\"2020-01-20T22:28:52+00:00\",\"description\":\"Profile techniczne D\u00f6llken Profiles - idealne rozwi\u0105zania z tworzywa sztucznego. Od projektu po planowanie i kompleksow\u0105 produkcj\u0119.\",\"breadcrumb\":{\"@id\":\"https:\\\/\\\/www.doellken-pt.com\\\/pl\\\/#breadcrumb\"},\"inLanguage\":\"pl-PL\",\"potentialAction\":[{\"@type\":\"ReadAction\",\"target\":[\"https:\\\/\\\/www.doellken-pt.com\\\/pl\\\/\"]}]},{\"@type\":\"ImageObject\",\"inLanguage\":\"pl-PL\",\"@id\":\"https:\\\/\\\/www.doellken-pt.com\\\/pl\\\/#primaryimage\",\"url\":\"https:\\\/\\\/www.doellken-pt.com\\\/wp-content\\\/uploads\\\/2019\\\/02\\\/Doellken_Profiles_Startseite_Kunden-e1571866025663.jpg\",\"contentUrl\":\"https:\\\/\\\/www.doellken-pt.com\\\/wp-content\\\/uploads\\\/2019\\\/02\\\/Doellken_Profiles_Startseite_Kunden-e1571866025663.jpg\"},{\"@type\":\"BreadcrumbList\",\"@id\":\"https:\\\/\\\/www.doellken-pt.com\\\/pl\\\/#breadcrumb\",\"itemListElement\":[{\"@type\":\"ListItem\",\"position\":1,\"name\":\"Home\",\"item\":\"https:\\\/\\\/www.doellken-pt.com\\\/pl\\\/\"},{\"@type\":\"ListItem\",\"position\":2,\"name\":\"Strona g\u0142\u00f3wna\"}]},{\"@type\":\"WebSite\",\"@id\":\"https:\\\/\\\/www.doellken-pt.com\\\/pl\\\/#website\",\"url\":\"https:\\\/\\\/www.doellken-pt.com\\\/pl\\\/\",\"name\":\"D\u00f6llken Profiles Kunststoffprofile\",\"description\":\"Technische Profile und Rollladen-Systeme\",\"publisher\":{\"@id\":\"https:\\\/\\\/www.doellken-pt.com\\\/pl\\\/#organization\"},\"potentialAction\":[{\"@type\":\"SearchAction\",\"target\":{\"@type\":\"EntryPoint\",\"urlTemplate\":\"https:\\\/\\\/www.doellken-pt.com\\\/pl\\\/?s={search_term_string}\"},\"query-input\":{\"@type\":\"PropertyValueSpecification\",\"valueRequired\":true,\"valueName\":\"search_term_string\"}}],\"inLanguage\":\"pl-PL\"},{\"@type\":\"Organization\",\"@id\":\"https:\\\/\\\/www.doellken-pt.com\\\/pl\\\/#organization\",\"name\":\"D\u00f6llken Profiles Kunststoffprofile\",\"url\":\"https:\\\/\\\/www.doellken-pt.com\\\/pl\\\/\",\"logo\":{\"@type\":\"ImageObject\",\"inLanguage\":\"pl-PL\",\"@id\":\"https:\\\/\\\/www.doellken-pt.com\\\/pl\\\/#\\\/schema\\\/logo\\\/image\\\/\",\"url\":\"https:\\\/\\\/www.doellken-pt.com\\\/wp-content\\\/uploads\\\/2018\\\/11\\\/Doellken_Profiles_Logo_neu_2.png\",\"contentUrl\":\"https:\\\/\\\/www.doellken-pt.com\\\/wp-content\\\/uploads\\\/2018\\\/11\\\/Doellken_Profiles_Logo_neu_2.png\",\"width\":1024,\"height\":163,\"caption\":\"D\u00f6llken Profiles Kunststoffprofile\"},\"image\":{\"@id\":\"https:\\\/\\\/www.doellken-pt.com\\\/pl\\\/#\\\/schema\\\/logo\\\/image\\\/\"},\"sameAs\":[\"https:\\\/\\\/www.facebook.com\\\/doellkenprofiles\\\/\"]}]}<\/script>\n<!-- \/ Yoast SEO plugin. -->","yoast_head_json":{"title":"D\u00f6llken Profiles Kunststoffprofile - Strona g\u0142\u00f3wna","description":"Profile techniczne D\u00f6llken Profiles - idealne rozwi\u0105zania z tworzywa sztucznego. Od projektu po planowanie i kompleksow\u0105 produkcj\u0119.","robots":{"index":"index","follow":"follow","max-snippet":"max-snippet:-1","max-image-preview":"max-image-preview:large","max-video-preview":"max-video-preview:-1"},"canonical":"https:\/\/www.doellken-pt.com\/pl\/","og_locale":"pl_PL","og_type":"article","og_title":"D\u00f6llken Profiles Kunststoffprofile - Strona g\u0142\u00f3wna","og_description":"Profile techniczne D\u00f6llken Profiles - idealne rozwi\u0105zania z tworzywa sztucznego. Od projektu po planowanie i kompleksow\u0105 produkcj\u0119.","og_url":"https:\/\/www.doellken-pt.com\/pl\/","og_site_name":"D\u00f6llken Profiles Kunststoffprofile","article_publisher":"https:\/\/www.facebook.com\/doellkenprofiles\/","article_modified_time":"2020-01-20T22:28:52+00:00","og_image":[{"url":"https:\/\/www.doellken-pt.com\/wp-content\/uploads\/2019\/02\/Doellken_Profiles_Startseite_Kunden-e1571866025663.jpg","type":"","width":"","height":""}],"twitter_card":"summary_large_image","twitter_misc":{"Szacowany czas czytania":"4 minuty"},"schema":{"@context":"https:\/\/schema.org","@graph":[{"@type":"WebPage","@id":"https:\/\/www.doellken-pt.com\/pl\/","url":"https:\/\/www.doellken-pt.com\/pl\/","name":"D\u00f6llken Profiles Kunststoffprofile - Strona g\u0142\u00f3wna","isPartOf":{"@id":"https:\/\/www.doellken-pt.com\/pl\/#website"},"primaryImageOfPage":{"@id":"https:\/\/www.doellken-pt.com\/pl\/#primaryimage"},"image":{"@id":"https:\/\/www.doellken-pt.com\/pl\/#primaryimage"},"thumbnailUrl":"https:\/\/www.doellken-pt.com\/wp-content\/uploads\/2019\/02\/Doellken_Profiles_Startseite_Kunden-e1571866025663.jpg","datePublished":"2017-09-02T15:45:04+00:00","dateModified":"2020-01-20T22:28:52+00:00","description":"Profile techniczne D\u00f6llken Profiles - idealne rozwi\u0105zania z tworzywa sztucznego. Od projektu po planowanie i kompleksow\u0105 produkcj\u0119.","breadcrumb":{"@id":"https:\/\/www.doellken-pt.com\/pl\/#breadcrumb"},"inLanguage":"pl-PL","potentialAction":[{"@type":"ReadAction","target":["https:\/\/www.doellken-pt.com\/pl\/"]}]},{"@type":"ImageObject","inLanguage":"pl-PL","@id":"https:\/\/www.doellken-pt.com\/pl\/#primaryimage","url":"https:\/\/www.doellken-pt.com\/wp-content\/uploads\/2019\/02\/Doellken_Profiles_Startseite_Kunden-e1571866025663.jpg","contentUrl":"https:\/\/www.doellken-pt.com\/wp-content\/uploads\/2019\/02\/Doellken_Profiles_Startseite_Kunden-e1571866025663.jpg"},{"@type":"BreadcrumbList","@id":"https:\/\/www.doellken-pt.com\/pl\/#breadcrumb","itemListElement":[{"@type":"ListItem","position":1,"name":"Home","item":"https:\/\/www.doellken-pt.com\/pl\/"},{"@type":"ListItem","position":2,"name":"Strona g\u0142\u00f3wna"}]},{"@type":"WebSite","@id":"https:\/\/www.doellken-pt.com\/pl\/#website","url":"https:\/\/www.doellken-pt.com\/pl\/","name":"D\u00f6llken Profiles Kunststoffprofile","description":"Technische Profile und Rollladen-Systeme","publisher":{"@id":"https:\/\/www.doellken-pt.com\/pl\/#organization"},"potentialAction":[{"@type":"SearchAction","target":{"@type":"EntryPoint","urlTemplate":"https:\/\/www.doellken-pt.com\/pl\/?s={search_term_string}"},"query-input":{"@type":"PropertyValueSpecification","valueRequired":true,"valueName":"search_term_string"}}],"inLanguage":"pl-PL"},{"@type":"Organization","@id":"https:\/\/www.doellken-pt.com\/pl\/#organization","name":"D\u00f6llken Profiles Kunststoffprofile","url":"https:\/\/www.doellken-pt.com\/pl\/","logo":{"@type":"ImageObject","inLanguage":"pl-PL","@id":"https:\/\/www.doellken-pt.com\/pl\/#\/schema\/logo\/image\/","url":"https:\/\/www.doellken-pt.com\/wp-content\/uploads\/2018\/11\/Doellken_Profiles_Logo_neu_2.png","contentUrl":"https:\/\/www.doellken-pt.com\/wp-content\/uploads\/2018\/11\/Doellken_Profiles_Logo_neu_2.png","width":1024,"height":163,"caption":"D\u00f6llken Profiles Kunststoffprofile"},"image":{"@id":"https:\/\/www.doellken-pt.com\/pl\/#\/schema\/logo\/image\/"},"sameAs":["https:\/\/www.facebook.com\/doellkenprofiles\/"]}]}},"_links":{"self":[{"href":"https:\/\/www.doellken-pt.com\/pl\/wp-json\/wp\/v2\/pages\/2229","targetHints":{"allow":["GET"]}}],"collection":[{"href":"https:\/\/www.doellken-pt.com\/pl\/wp-json\/wp\/v2\/pages"}],"about":[{"href":"https:\/\/www.doellken-pt.com\/pl\/wp-json\/wp\/v2\/types\/page"}],"author":[{"embeddable":true,"href":"https:\/\/www.doellken-pt.com\/pl\/wp-json\/wp\/v2\/users\/2"}],"replies":[{"embeddable":true,"href":"https:\/\/www.doellken-pt.com\/pl\/wp-json\/wp\/v2\/comments?post=2229"}],"version-history":[{"count":13,"href":"https:\/\/www.doellken-pt.com\/pl\/wp-json\/wp\/v2\/pages\/2229\/revisions"}],"predecessor-version":[{"id":2590,"href":"https:\/\/www.doellken-pt.com\/pl\/wp-json\/wp\/v2\/pages\/2229\/revisions\/2590"}],"wp:attachment":[{"href":"https:\/\/www.doellken-pt.com\/pl\/wp-json\/wp\/v2\/media?parent=2229"}],"curies":[{"name":"wp","href":"https:\/\/api.w.org\/{rel}","templated":true}]}}